{"id":220,"date":"2025-11-18T15:21:49","date_gmt":"2025-11-18T15:21:49","guid":{"rendered":"https:\/\/affectionate-ellis.37-221-198-240.plesk.page\/instal\/?page_id=220"},"modified":"2026-01-12T11:58:07","modified_gmt":"2026-01-12T11:58:07","slug":"leistungen","status":"publish","type":"page","link":"https:\/\/zahnaerztin-dr-gaengler.de\/index.php\/leistungen\/","title":{"rendered":"Leistungen"},"content":{"rendered":"\t\t<div data-elementor-type=\"wp-page\" data-elementor-id=\"220\" class=\"elementor elementor-220\" data-elementor-post-type=\"page\">\n\t\t\t\t<div class=\"elementor-element elementor-element-54298d1 e-flex e-con-boxed e-con e-parent\" data-id=\"54298d1\" data-element_type=\"container\">\n\t\t\t\t\t<div class=\"e-con-inner\">\n\t\t\t\t<div class=\"elementor-element elementor-element-1ad9836 elementor-widget elementor-widget-heading\" data-id=\"1ad9836\" data-element_type=\"widget\" data-widget_type=\"heading.default\">\n\t\t\t\t\t<h1 class=\"elementor-heading-title elementor-size-default\">behandlungsspektrum von Dr. G\u00e4ngler<\/h1>\t\t\t\t<\/div>\n\t\t\t\t<div class=\"elementor-element elementor-element-776a636 elementor-widget elementor-widget-heading\" data-id=\"776a636\" data-element_type=\"widget\" data-widget_type=\"heading.default\">\n\t\t\t\t\t<h2 class=\"elementor-heading-title elementor-size-default\">Leistungen<\/h2>\t\t\t\t<\/div>\n\t\t\t\t\t<\/div>\n\t\t\t\t<\/div>\n\t\t<div class=\"elementor-element elementor-element-cef89c1 e-grid e-con-boxed e-con e-parent\" data-id=\"cef89c1\" data-element_type=\"container\">\n\t\t\t\t\t<div class=\"e-con-inner\">\n\t\t\t\t<div class=\"elementor-element elementor-element-f00a7e0 elementor-widget__width-auto elementor-widget elementor-widget-image\" data-id=\"f00a7e0\" data-element_type=\"widget\" data-widget_type=\"image.default\">\n\t\t\t\t\t\t\t\t\t\t\t\t<figure class=\"wp-caption\">\n\t\t\t\t\t\t\t\t\t\t\t<a href=\"https:\/\/zahnaerztin-dr-gaengler.de\/index.php\/2025\/11\/28\/vorsorge\/\">\n\t\t\t\t\t\t\t<img fetchpriority=\"high\" decoding=\"async\" width=\"604\" height=\"604\" src=\"https:\/\/zahnaerztin-dr-gaengler.de\/wp-content\/uploads\/2025\/11\/Prophylaxe@150x.webp\" class=\"elementor-animation-pop attachment-large size-large wp-image-429\" alt=\"\" srcset=\"https:\/\/zahnaerztin-dr-gaengler.de\/wp-content\/uploads\/2025\/11\/Prophylaxe@150x.webp 604w, https:\/\/zahnaerztin-dr-gaengler.de\/wp-content\/uploads\/2025\/11\/Prophylaxe@150x-300x300.webp 300w, https:\/\/zahnaerztin-dr-gaengler.de\/wp-content\/uploads\/2025\/11\/Prophylaxe@150x-150x150.webp 150w\" sizes=\"(max-width: 604px) 100vw, 604px\" \/>\t\t\t\t\t\t\t\t<\/a>\n\t\t\t\t\t\t\t\t\t\t\t<figcaption class=\"widget-image-caption wp-caption-text\">Vorsorge<\/figcaption>\n\t\t\t\t\t\t\t\t\t\t<\/figure>\n\t\t\t\t\t\t\t\t\t<\/div>\n\t\t\t\t<div class=\"elementor-element elementor-element-f3e0c83 elementor-widget__width-auto elementor-widget elementor-widget-image\" data-id=\"f3e0c83\" data-element_type=\"widget\" data-widget_type=\"image.default\">\n\t\t\t\t\t\t\t\t\t\t\t\t<figure class=\"wp-caption\">\n\t\t\t\t\t\t\t\t\t\t\t<a href=\"https:\/\/zahnaerztin-dr-gaengler.de\/index.php\/2025\/11\/18\/fuellungen\/\">\n\t\t\t\t\t\t\t<img decoding=\"async\" width=\"604\" height=\"607\" src=\"https:\/\/zahnaerztin-dr-gaengler.de\/wp-content\/uploads\/2025\/11\/Fuellungen@150x.webp\" class=\"elementor-animation-pop attachment-large size-large wp-image-427\" alt=\"\" srcset=\"https:\/\/zahnaerztin-dr-gaengler.de\/wp-content\/uploads\/2025\/11\/Fuellungen@150x.webp 604w, https:\/\/zahnaerztin-dr-gaengler.de\/wp-content\/uploads\/2025\/11\/Fuellungen@150x-300x300.webp 300w, https:\/\/zahnaerztin-dr-gaengler.de\/wp-content\/uploads\/2025\/11\/Fuellungen@150x-150x150.webp 150w\" sizes=\"(max-width: 604px) 100vw, 604px\" \/>\t\t\t\t\t\t\t\t<\/a>\n\t\t\t\t\t\t\t\t\t\t\t<figcaption class=\"widget-image-caption wp-caption-text\">F\u00fcllungen<\/figcaption>\n\t\t\t\t\t\t\t\t\t\t<\/figure>\n\t\t\t\t\t\t\t\t\t<\/div>\n\t\t\t\t<div class=\"elementor-element elementor-element-09cfc47 elementor-widget__width-auto elementor-widget elementor-widget-image\" data-id=\"09cfc47\" data-element_type=\"widget\" data-widget_type=\"image.default\">\n\t\t\t\t\t\t\t\t\t\t\t\t<figure class=\"wp-caption\">\n\t\t\t\t\t\t\t\t\t\t\t<a href=\"https:\/\/zahnaerztin-dr-gaengler.de\/index.php\/2025\/11\/18\/zahnreinigung\/\">\n\t\t\t\t\t\t\t<img decoding=\"async\" width=\"604\" height=\"604\" src=\"https:\/\/zahnaerztin-dr-gaengler.de\/wp-content\/uploads\/2025\/11\/Reinigung@150x.webp\" class=\"elementor-animation-pop attachment-large size-large wp-image-430\" alt=\"\" srcset=\"https:\/\/zahnaerztin-dr-gaengler.de\/wp-content\/uploads\/2025\/11\/Reinigung@150x.webp 604w, https:\/\/zahnaerztin-dr-gaengler.de\/wp-content\/uploads\/2025\/11\/Reinigung@150x-300x300.webp 300w, https:\/\/zahnaerztin-dr-gaengler.de\/wp-content\/uploads\/2025\/11\/Reinigung@150x-150x150.webp 150w\" sizes=\"(max-width: 604px) 100vw, 604px\" \/>\t\t\t\t\t\t\t\t<\/a>\n\t\t\t\t\t\t\t\t\t\t\t<figcaption class=\"widget-image-caption wp-caption-text\">Zahnreinigung<\/figcaption>\n\t\t\t\t\t\t\t\t\t\t<\/figure>\n\t\t\t\t\t\t\t\t\t<\/div>\n\t\t\t\t<div class=\"elementor-element elementor-element-aaf6489 elementor-widget__width-auto elementor-widget elementor-widget-image\" data-id=\"aaf6489\" data-element_type=\"widget\" data-widget_type=\"image.default\">\n\t\t\t\t\t\t\t\t\t\t\t\t<figure class=\"wp-caption\">\n\t\t\t\t\t\t\t\t\t\t\t<a href=\"https:\/\/zahnaerztin-dr-gaengler.de\/index.php\/2025\/11\/18\/leistungen-2\/\">\n\t\t\t\t\t\t\t<img loading=\"lazy\" decoding=\"async\" width=\"604\" height=\"604\" src=\"https:\/\/zahnaerztin-dr-gaengler.de\/wp-content\/uploads\/2025\/11\/Zahnfleisch@150x.webp\" class=\"elementor-animation-pop attachment-large size-large wp-image-431\" alt=\"\" srcset=\"https:\/\/zahnaerztin-dr-gaengler.de\/wp-content\/uploads\/2025\/11\/Zahnfleisch@150x.webp 604w, https:\/\/zahnaerztin-dr-gaengler.de\/wp-content\/uploads\/2025\/11\/Zahnfleisch@150x-300x300.webp 300w, https:\/\/zahnaerztin-dr-gaengler.de\/wp-content\/uploads\/2025\/11\/Zahnfleisch@150x-150x150.webp 150w\" sizes=\"(max-width: 604px) 100vw, 604px\" \/>\t\t\t\t\t\t\t\t<\/a>\n\t\t\t\t\t\t\t\t\t\t\t<figcaption class=\"widget-image-caption wp-caption-text\">Zahnfleisch Behandlung<\/figcaption>\n\t\t\t\t\t\t\t\t\t\t<\/figure>\n\t\t\t\t\t\t\t\t\t<\/div>\n\t\t\t\t<div class=\"elementor-element elementor-element-e1051af elementor-widget__width-auto elementor-widget elementor-widget-image\" data-id=\"e1051af\" data-element_type=\"widget\" data-widget_type=\"image.default\">\n\t\t\t\t\t\t\t\t\t\t\t\t<figure class=\"wp-caption\">\n\t\t\t\t\t\t\t\t\t\t\t<a href=\"https:\/\/zahnaerztin-dr-gaengler.de\/index.php\/2025\/11\/18\/leistungen-3\/\">\n\t\t\t\t\t\t\t<img loading=\"lazy\" decoding=\"async\" width=\"604\" height=\"604\" src=\"https:\/\/zahnaerztin-dr-gaengler.de\/wp-content\/uploads\/2025\/11\/Ersatz@150x.webp\" class=\"elementor-animation-pop attachment-large size-large wp-image-426\" alt=\"\" srcset=\"https:\/\/zahnaerztin-dr-gaengler.de\/wp-content\/uploads\/2025\/11\/Ersatz@150x.webp 604w, https:\/\/zahnaerztin-dr-gaengler.de\/wp-content\/uploads\/2025\/11\/Ersatz@150x-300x300.webp 300w, https:\/\/zahnaerztin-dr-gaengler.de\/wp-content\/uploads\/2025\/11\/Ersatz@150x-150x150.webp 150w\" sizes=\"(max-width: 604px) 100vw, 604px\" \/>\t\t\t\t\t\t\t\t<\/a>\n\t\t\t\t\t\t\t\t\t\t\t<figcaption class=\"widget-image-caption wp-caption-text\">Zahnersatz<\/figcaption>\n\t\t\t\t\t\t\t\t\t\t<\/figure>\n\t\t\t\t\t\t\t\t\t<\/div>\n\t\t\t\t<div class=\"elementor-element elementor-element-ee7eb71 elementor-widget__width-auto elementor-widget elementor-widget-image\" data-id=\"ee7eb71\" data-element_type=\"widget\" data-widget_type=\"image.default\">\n\t\t\t\t\t\t\t\t\t\t\t\t<figure class=\"wp-caption\">\n\t\t\t\t\t\t\t\t\t\t\t<a href=\"https:\/\/zahnaerztin-dr-gaengler.de\/index.php\/2025\/11\/18\/leistungen-4\/\">\n\t\t\t\t\t\t\t<img loading=\"lazy\" decoding=\"async\" width=\"604\" height=\"604\" src=\"https:\/\/zahnaerztin-dr-gaengler.de\/wp-content\/uploads\/2025\/11\/Aethetik@150x.webp\" class=\"elementor-animation-pop attachment-large size-large wp-image-425\" alt=\"\" srcset=\"https:\/\/zahnaerztin-dr-gaengler.de\/wp-content\/uploads\/2025\/11\/Aethetik@150x.webp 604w, https:\/\/zahnaerztin-dr-gaengler.de\/wp-content\/uploads\/2025\/11\/Aethetik@150x-300x300.webp 300w, https:\/\/zahnaerztin-dr-gaengler.de\/wp-content\/uploads\/2025\/11\/Aethetik@150x-150x150.webp 150w\" sizes=\"(max-width: 604px) 100vw, 604px\" \/>\t\t\t\t\t\t\t\t<\/a>\n\t\t\t\t\t\t\t\t\t\t\t<figcaption class=\"widget-image-caption wp-caption-text\">\u00c4sthetik<\/figcaption>\n\t\t\t\t\t\t\t\t\t\t<\/figure>\n\t\t\t\t\t\t\t\t\t<\/div>\n\t\t\t\t<div class=\"elementor-element elementor-element-329d230 elementor-widget__width-auto elementor-widget elementor-widget-image\" data-id=\"329d230\" data-element_type=\"widget\" data-widget_type=\"image.default\">\n\t\t\t\t\t\t\t\t\t\t\t\t<figure class=\"wp-caption\">\n\t\t\t\t\t\t\t\t\t\t\t<a href=\"https:\/\/zahnaerztin-dr-gaengler.de\/index.php\/2025\/11\/18\/leistungen\/\">\n\t\t\t\t\t\t\t<img loading=\"lazy\" decoding=\"async\" width=\"604\" height=\"604\" src=\"https:\/\/zahnaerztin-dr-gaengler.de\/wp-content\/uploads\/2025\/11\/Kiefer@150x.webp\" class=\"elementor-animation-pop attachment-large size-large wp-image-428\" alt=\"\" srcset=\"https:\/\/zahnaerztin-dr-gaengler.de\/wp-content\/uploads\/2025\/11\/Kiefer@150x.webp 604w, https:\/\/zahnaerztin-dr-gaengler.de\/wp-content\/uploads\/2025\/11\/Kiefer@150x-300x300.webp 300w, https:\/\/zahnaerztin-dr-gaengler.de\/wp-content\/uploads\/2025\/11\/Kiefer@150x-150x150.webp 150w\" sizes=\"(max-width: 604px) 100vw, 604px\" \/>\t\t\t\t\t\t\t\t<\/a>\n\t\t\t\t\t\t\t\t\t\t\t<figcaption class=\"widget-image-caption wp-caption-text\">Kiefergelenk<\/figcaption>\n\t\t\t\t\t\t\t\t\t\t<\/figure>\n\t\t\t\t\t\t\t\t\t<\/div>\n\t\t\t\t\t<\/div>\n\t\t\t\t<\/div>\n\t\t<div class=\"elementor-element elementor-element-f1f0d05 e-con-full e-flex e-con e-parent\" data-id=\"f1f0d05\" data-element_type=\"container\">\n\t\t\t\t<div class=\"elementor-element elementor-element-ef3981a elementor-widget elementor-widget-heading\" data-id=\"ef3981a\" data-element_type=\"widget\" data-widget_type=\"heading.default\">\n\t\t\t\t\t<h1 class=\"elementor-heading-title elementor-size-default\">behandlungs sperktrum von Dr. G\u00e4ngler<\/h1>\t\t\t\t<\/div>\n\t\t\t\t<\/div>\n\t\t\t\t<\/div>\n\t\t","protected":false},"excerpt":{"rendered":"<p>behandlungsspektrum von Dr. G\u00e4ngler Leistungen Vorsorge F\u00fcllungen Zahnreinigung Zahnfleisch Behandlung Zahnersatz \u00c4sthetik Kiefergelenk behandlungs sperktrum von Dr. G\u00e4ngler<\/p>\n","protected":false},"author":1,"featured_media":0,"parent":0,"menu_order":0,"comment_status":"closed","ping_status":"closed","template":"","meta":{"footnotes":""},"class_list":["post-220","page","type-page","status-publish","hentry"],"_links":{"self":[{"href":"https:\/\/zahnaerztin-dr-gaengler.de\/index.php\/wp-json\/wp\/v2\/pages\/220","targetHints":{"allow":["GET"]}}],"collection":[{"href":"https:\/\/zahnaerztin-dr-gaengler.de\/index.php\/wp-json\/wp\/v2\/pages"}],"about":[{"href":"https:\/\/zahnaerztin-dr-gaengler.de\/index.php\/wp-json\/wp\/v2\/types\/page"}],"author":[{"embeddable":true,"href":"https:\/\/zahnaerztin-dr-gaengler.de\/index.php\/wp-json\/wp\/v2\/users\/1"}],"replies":[{"embeddable":true,"href":"https:\/\/zahnaerztin-dr-gaengler.de\/index.php\/wp-json\/wp\/v2\/comments?post=220"}],"version-history":[{"count":55,"href":"https:\/\/zahnaerztin-dr-gaengler.de\/index.php\/wp-json\/wp\/v2\/pages\/220\/revisions"}],"predecessor-version":[{"id":881,"href":"https:\/\/zahnaerztin-dr-gaengler.de\/index.php\/wp-json\/wp\/v2\/pages\/220\/revisions\/881"}],"wp:attachment":[{"href":"https:\/\/zahnaerztin-dr-gaengler.de\/index.php\/wp-json\/wp\/v2\/media?parent=220"}],"curies":[{"name":"wp","href":"https:\/\/api.w.org\/{rel}","templated":true}]}}